{"id":225,"date":"2018-10-12T10:18:35","date_gmt":"2018-10-12T07:18:35","guid":{"rendered":"http:\/\/raudoite.uppalankartano.fi\/?page_id=225"},"modified":"2021-11-30T15:14:15","modified_gmt":"2021-11-30T13:14:15","slug":"tietosuojaseloste","status":"publish","type":"page","link":"https:\/\/raudoite.fi\/en\/tietosuojaseloste\/","title":{"rendered":"Privacy policy"},"content":{"rendered":"<div data-elementor-type=\"wp-page\" data-elementor-id=\"225\" class=\"elementor elementor-225\">\n\t\t\t\t\t\t<section class=\"elementor-section elementor-top-section elementor-element elementor-element-6bb69f48 elementor-section-height-min-height elementor-section-content-top elementor-section-items-top elementor-section-boxed elementor-section-height-default\" data-id=\"6bb69f48\" data-element_type=\"section\" data-e-type=\"section\" data-settings=\"{&quot;background_background&quot;:&quot;classic&quot;}\">\n\t\t\t\t\t\t<div class=\"elementor-container elementor-column-gap-default\">\n\t\t\t\t\t<div class=\"elementor-column elementor-col-100 elementor-top-column elementor-element elementor-element-5e43744c\" data-id=\"5e43744c\" data-element_type=\"column\" data-e-type=\"column\">\n\t\t\t<div class=\"elementor-widget-wrap elementor-element-populated\">\n\t\t\t\t\t\t<div class=\"elementor-element elementor-element-64e6b7c4 elementor-align-right elementor-widget elementor-widget-button\" data-id=\"64e6b7c4\" data-element_type=\"widget\" data-e-type=\"widget\" data-widget_type=\"button.default\">\n\t\t\t\t<div class=\"elementor-widget-container\">\n\t\t\t\t\t\t\t\t\t<div class=\"elementor-button-wrapper\">\n\t\t\t\t\t<a class=\"elementor-button elementor-button-link elementor-size-sm\" href=\"tel:+35864149744\">\n\t\t\t\t\t\t<span class=\"elementor-button-content-wrapper\">\n\t\t\t\t\t\t<span class=\"elementor-button-icon\">\n\t\t\t\t<i aria-hidden=\"true\" class=\"fas fa-phone-alt\"><\/i>\t\t\t<\/span>\n\t\t\t\t\t\t\t\t\t<span class=\"elementor-button-text\">06 4149 744<\/span>\n\t\t\t\t\t<\/span>\n\t\t\t\t\t<\/a>\n\t\t\t\t<\/div>\n\t\t\t\t\t\t\t\t<\/div>\n\t\t\t\t<\/div>\n\t\t\t\t\t<\/div>\n\t\t<\/div>\n\t\t\t\t\t<\/div>\n\t\t<\/section>\n\t\t\t\t<section class=\"elementor-section elementor-top-section elementor-element elementor-element-460fb5d elementor-section-boxed elementor-section-height-default elementor-section-height-default\" data-id=\"460fb5d\" data-element_type=\"section\" data-e-type=\"section\">\n\t\t\t\t\t\t<div class=\"elementor-container elementor-column-gap-default\">\n\t\t\t\t\t<div class=\"elementor-column elementor-col-100 elementor-top-column elementor-element elementor-element-604a5bf\" data-id=\"604a5bf\" data-element_type=\"column\" data-e-type=\"column\">\n\t\t\t<div class=\"elementor-widget-wrap elementor-element-populated\">\n\t\t\t\t\t\t<div class=\"elementor-element elementor-element-115d1ab elementor-widget elementor-widget-heading\" data-id=\"115d1ab\" data-element_type=\"widget\" data-e-type=\"widget\" data-widget_type=\"heading.default\">\n\t\t\t\t<div class=\"elementor-widget-container\">\n\t\t\t\t\t<h2 class=\"elementor-heading-title elementor-size-default\">Privacy policy<\/h2>\t\t\t\t<\/div>\n\t\t\t\t<\/div>\n\t\t\t\t<div class=\"elementor-element elementor-element-6ee77e9 elementor-widget elementor-widget-text-editor\" data-id=\"6ee77e9\" data-element_type=\"widget\" data-e-type=\"widget\" data-widget_type=\"text-editor.default\">\n\t\t\t\t<div class=\"elementor-widget-container\">\n\t\t\t\t\t\t\t\t\t<p>CONSOLIDATED PRIVACY POLICY AND INFORMATION DOCUMENT<\/p><p><strong>1. DATA CONTROLLER<\/strong><br \/>Pohjanmaan Raudoite Oy<br \/>Pajantie 12, 60100 Sein\u00e4joki<br \/>Business ID 1889709-8<\/p><p><strong>2. REGISTRY ISSUES<\/strong><br \/>Pohjanmaan Raudoite Oy can be contacted by tel. 06 4149 744 about register issues during weekdays at 7 am \u2013 3.30 pm<\/p><p><strong>3. NAME OF REGISTER<\/strong><br \/>Pohjanmaan Raudoite Oy\u2019s customer register<\/p><p><strong>4. REASON AND PURPOSE FOR HOLDING A REGISTER<\/strong><br \/>A register of the contact persons of Pohjanmaan Raudoite Oy\u2019s customers is held for the management, maintenance and development of customer accounts and other relevant associations, for targeting offers, analysis purposes, and for producing, offering and developing services. Customers shall have the right to specify the contact persons for the relevant customer account to be stored in Pohjanmaan Raudoite\u2019s customer register.<\/p><p><strong>5. INFORMATION INCLUDED IN THE REGISTER<\/strong><br \/>The information to be stored in the register shall not include personal details, so far as they are not necessary in terms of the current or potential customer relationship.<\/p><p>The register may include the following information:<\/p><p>First name and last name<br \/>Mobile phone number<br \/>Email address<br \/>Job and\/or position in the company<br \/>Marketing bans<\/p><p><strong>6. REGULATORY DATA SOURCES<\/strong><br \/>Personal data shall be collected during the customer relationship as well as during the work carried out in connection with creating a potential customer relationship. Information can be collected and supplemented at the person\u2019s consent (e.g. by using cookies). Information may also be collected in connection with various marketing procedures, such as events.<\/p><p><strong>7. DISCLOSURE OF INFORMATION<\/strong><br \/>Pohjanmaan Raudoite Oy may disclose register information within the limits allowed and obliged by legislation. Due to the technical and operative implementation of data processing, part of the information be held by Pohjanmaan Raudoite Oy\u2019s subcontractors or the information may be otherwise processed by means of a technical user connection.<\/p><p><strong>8. PRINCIPLES OF REGISTER PROTECTION<\/strong><br \/>The entire staff of Pohjanmaan Raudoite Oy and any third parties working for it are subject to professional secrecy concerning all customer details. The use of the register has been protected with user-specific credentials, passwords and user rights.<\/p><p><strong>9. RIGHT TO REVIEW REGISTER DETAILS AND THE IMPLEMENTATION OF THE RIGHT TO REVIEW<\/strong><br \/>Every data subject has the right to review the information held about him\/her. The right to review is free of charge up to once a year (12 months). According to the Personal Data Act, the data subject has the right to review details held about him\/her by personally requesting to review the details with either a signed document or by visiting the data controller in person. The data controller\u2019s contact details and service times can be found in Sections 1 and 2 of this policy.<\/p><p><strong>10. CORRECTING OR REMOVING PERSONAL DATA FROM THE REGISTER<\/strong><br \/>The data subject has the right to demand for any incorrect, shortcoming, unnecessary or expired data to be corrected or removed by informing the matter to the data controller using the address mentioned in Section 1 of this policy. User details shall be removed from the register at the user\u2019s request.<\/p><p><strong>11. COOKIES<\/strong><br \/>We use cookies in our online services. A cookie may either be valid for the duration of one session or for a longer period. A cookie is a small text file, which is saved on the user\u2019s device when he\/she uses a browser to visit the online service. Pohjanmaan Raudoite Oy\u2019s online service uses cookies and third-party cookies to improve and personalise the user experience of the service, collect data about the service\u2019s visitor count and most popular content, as well as to verify the visitors who regularly visit the site.<\/p><p>You can prevent the storage of cookies by changing your browser\u2019s data protection settings. However, please note that all the functions of the online services may not work without the cookies.<\/p>\t\t\t\t\t\t\t\t<\/div>\n\t\t\t\t<\/div>\n\t\t\t\t\t<\/div>\n\t\t<\/div>\n\t\t\t\t\t<\/div>\n\t\t<\/section>\n\t\t\t\t<section class=\"elementor-section elementor-top-section elementor-element elementor-element-7b88be25 elementor-section-boxed elementor-section-height-default elementor-section-height-default\" data-id=\"7b88be25\" data-element_type=\"section\" data-e-type=\"section\" data-settings=\"{&quot;background_background&quot;:&quot;classic&quot;}\">\n\t\t\t\t\t\t<div class=\"elementor-container elementor-column-gap-default\">\n\t\t\t\t\t<div class=\"elementor-column elementor-col-25 elementor-top-column elementor-element elementor-element-fce3c11\" data-id=\"fce3c11\" data-element_type=\"column\" data-e-type=\"column\">\n\t\t\t<div class=\"elementor-widget-wrap elementor-element-populated\">\n\t\t\t\t\t\t<div class=\"elementor-element elementor-element-36065d87 elementor-widget elementor-widget-image\" data-id=\"36065d87\" data-element_type=\"widget\" data-e-type=\"widget\" data-widget_type=\"image.default\">\n\t\t\t\t<div class=\"elementor-widget-container\">\n\t\t\t\t\t\t\t\t\t\t\t\t\t\t\t<img decoding=\"async\" width=\"176\" height=\"48\" src=\"https:\/\/raudoite.fi\/wp-content\/uploads\/sites\/2\/2018\/08\/pohjanmaan-raudoite.png\" class=\"attachment-large size-large wp-image-126\" alt=\"\" \/>\t\t\t\t\t\t\t\t\t\t\t\t\t\t\t<\/div>\n\t\t\t\t<\/div>\n\t\t\t\t\t<\/div>\n\t\t<\/div>\n\t\t\t\t<div class=\"elementor-column elementor-col-25 elementor-top-column elementor-element elementor-element-2c8561f1\" data-id=\"2c8561f1\" data-element_type=\"column\" data-e-type=\"column\">\n\t\t\t<div class=\"elementor-widget-wrap elementor-element-populated\">\n\t\t\t\t\t\t<div class=\"elementor-element elementor-element-61125a1c elementor-widget elementor-widget-text-editor\" data-id=\"61125a1c\" data-element_type=\"widget\" data-e-type=\"widget\" data-widget_type=\"text-editor.default\">\n\t\t\t\t<div class=\"elementor-widget-container\">\n\t\t\t\t\t\t\t\t\t<p>Pohjanmaan Raudoite Oy<br \/>Pajantie 12<br \/>60100 Sein\u00e4joki<\/p><p><span style=\"color: #ffffff;\"><a style=\"color: #ffffff;\" href=\"tel:064149744\">(06) 4149 744<\/a><\/span><\/p><p><span style=\"color: #ffffff;\"><a style=\"color: #ffffff;\" href=\"mailto:myynti@raudoite.fi\">myynti@raudoite.fi<\/a><\/span><\/p>\t\t\t\t\t\t\t\t<\/div>\n\t\t\t\t<\/div>\n\t\t\t\t\t<\/div>\n\t\t<\/div>\n\t\t\t\t<div class=\"elementor-column elementor-col-25 elementor-top-column elementor-element elementor-element-1490abe2\" data-id=\"1490abe2\" data-element_type=\"column\" data-e-type=\"column\">\n\t\t\t<div class=\"elementor-widget-wrap elementor-element-populated\">\n\t\t\t\t\t\t<div class=\"elementor-element elementor-element-4313d37d elementor-widget elementor-widget-text-editor\" data-id=\"4313d37d\" data-element_type=\"widget\" data-e-type=\"widget\" data-widget_type=\"text-editor.default\">\n\t\t\t\t<div class=\"elementor-widget-container\">\n\t\t\t\t\t\t\t\t\t<p>Bank details<br \/>OP Per\u00e4sein\u00e4joki<br \/>FI59 5338 0220 0296 25<\/p><p>Y-tunnus: 1889709-8<\/p>\t\t\t\t\t\t\t\t<\/div>\n\t\t\t\t<\/div>\n\t\t\t\t\t<\/div>\n\t\t<\/div>\n\t\t\t\t<div class=\"elementor-column elementor-col-25 elementor-top-column elementor-element elementor-element-45b2b2f2\" data-id=\"45b2b2f2\" data-element_type=\"column\" data-e-type=\"column\">\n\t\t\t<div class=\"elementor-widget-wrap elementor-element-populated\">\n\t\t\t\t\t\t<div class=\"elementor-element elementor-element-493fd6f6 elementor-widget elementor-widget-heading\" data-id=\"493fd6f6\" data-element_type=\"widget\" data-e-type=\"widget\" data-widget_type=\"heading.default\">\n\t\t\t\t<div class=\"elementor-widget-container\">\n\t\t\t\t\t<span class=\"elementor-heading-title elementor-size-default\"><a href=\"https:\/\/raudoite.fi\/wp-content\/uploads\/sites\/2\/2021\/11\/PohjanmaanraudoiteTietosuojaEng.pdf\">Privacy policy<\/a><\/span>\t\t\t\t<\/div>\n\t\t\t\t<\/div>\n\t\t\t\t\t<\/div>\n\t\t<\/div>\n\t\t\t\t\t<\/div>\n\t\t<\/section>\n\t\t\t\t<\/div>","protected":false},"excerpt":{"rendered":"<p>06 4149 744 Tietosuojaseloste YHDISTETTY REKISTERISELOSTE JA INFORMOINTIASIAKIRJA 1. REKISTERINPIT\u00c4J\u00c4Pohjanmaan Raudoite OyPajantie 12, 60100 Sein\u00e4jokiY-tunnus 1889709-8 2. REKISTERIASIATPohjanmaan Raudoite Oy palvelee puh. 06 4149 744 rekisteriasioissa arkip\u00e4ivisin klo 7-15.30 3. REKISTERIN NIMIPohjanmaan Raudoite Oy:n asiakasrekisteri 4. REKISTERIN PIT\u00c4MISEN PERUSTE JA K\u00c4YTT\u00d6TARKOITUSPohjanmaan Raudoite Oy:n asiakkaiden yhteyshenkil\u00f6ist\u00e4 pidet\u00e4\u00e4n rekisteri\u00e4 asiakassuhteen ja muuhun asialliseen yhteyteen perustuvan suhteen hallintaan, [&hellip;]<\/p>\n","protected":false},"author":4,"featured_media":0,"parent":0,"menu_order":0,"comment_status":"closed","ping_status":"closed","template":"","meta":{"_exactmetrics_skip_tracking":false,"_exactmetrics_sitenote_active":false,"_exactmetrics_sitenote_note":"","_exactmetrics_sitenote_category":0,"footnotes":""},"class_list":["post-225","page","type-page","status-publish","hentry"],"_links":{"self":[{"href":"https:\/\/raudoite.fi\/en\/wp-json\/wp\/v2\/pages\/225","targetHints":{"allow":["GET"]}}],"collection":[{"href":"https:\/\/raudoite.fi\/en\/wp-json\/wp\/v2\/pages"}],"about":[{"href":"https:\/\/raudoite.fi\/en\/wp-json\/wp\/v2\/types\/page"}],"author":[{"embeddable":true,"href":"https:\/\/raudoite.fi\/en\/wp-json\/wp\/v2\/users\/4"}],"replies":[{"embeddable":true,"href":"https:\/\/raudoite.fi\/en\/wp-json\/wp\/v2\/comments?post=225"}],"version-history":[{"count":9,"href":"https:\/\/raudoite.fi\/en\/wp-json\/wp\/v2\/pages\/225\/revisions"}],"predecessor-version":[{"id":528,"href":"https:\/\/raudoite.fi\/en\/wp-json\/wp\/v2\/pages\/225\/revisions\/528"}],"wp:attachment":[{"href":"https:\/\/raudoite.fi\/en\/wp-json\/wp\/v2\/media?parent=225"}],"curies":[{"name":"wp","href":"https:\/\/api.w.org\/{rel}","templated":true}]}}