{"id":64,"date":"2018-08-20T11:03:24","date_gmt":"2018-08-20T08:03:24","guid":{"rendered":"http:\/\/raudoite.uppalankartano.fi\/?page_id=64"},"modified":"2021-12-01T10:33:22","modified_gmt":"2021-12-01T08:33:22","slug":"tarina","status":"publish","type":"page","link":"https:\/\/raudoite.fi\/en\/tarina\/","title":{"rendered":"Story"},"content":{"rendered":"<div data-elementor-type=\"wp-page\" data-elementor-id=\"64\" class=\"elementor elementor-64\">\n\t\t\t\t\t\t<section class=\"elementor-section elementor-top-section elementor-element elementor-element-3862240a elementor-section-height-min-height elementor-section-content-top elementor-section-items-top elementor-section-boxed elementor-section-height-default\" data-id=\"3862240a\" data-element_type=\"section\" data-e-type=\"section\" data-settings=\"{&quot;background_background&quot;:&quot;classic&quot;}\">\n\t\t\t\t\t\t<div class=\"elementor-container elementor-column-gap-default\">\n\t\t\t\t\t<div class=\"elementor-column elementor-col-100 elementor-top-column elementor-element elementor-element-2767991f\" data-id=\"2767991f\" data-element_type=\"column\" data-e-type=\"column\">\n\t\t\t<div class=\"elementor-widget-wrap elementor-element-populated\">\n\t\t\t\t\t\t<div class=\"elementor-element elementor-element-8ea2d95 elementor-widget elementor-widget-spacer\" data-id=\"8ea2d95\" data-element_type=\"widget\" data-e-type=\"widget\" data-widget_type=\"spacer.default\">\n\t\t\t\t<div class=\"elementor-widget-container\">\n\t\t\t\t\t\t\t<div class=\"elementor-spacer\">\n\t\t\t<div class=\"elementor-spacer-inner\"><\/div>\n\t\t<\/div>\n\t\t\t\t\t\t<\/div>\n\t\t\t\t<\/div>\n\t\t\t\t<div class=\"elementor-element elementor-element-62e40bb5 elementor-align-right elementor-widget elementor-widget-button\" data-id=\"62e40bb5\" data-element_type=\"widget\" data-e-type=\"widget\" data-widget_type=\"button.default\">\n\t\t\t\t<div class=\"elementor-widget-container\">\n\t\t\t\t\t\t\t\t\t<div class=\"elementor-button-wrapper\">\n\t\t\t\t\t<a class=\"elementor-button elementor-button-link elementor-size-sm\" href=\"tel:+35864149744\">\n\t\t\t\t\t\t<span class=\"elementor-button-content-wrapper\">\n\t\t\t\t\t\t<span class=\"elementor-button-icon\">\n\t\t\t\t<i aria-hidden=\"true\" class=\"fas fa-phone-alt\"><\/i>\t\t\t<\/span>\n\t\t\t\t\t\t\t\t\t<span class=\"elementor-button-text\">06 4149 744<\/span>\n\t\t\t\t\t<\/span>\n\t\t\t\t\t<\/a>\n\t\t\t\t<\/div>\n\t\t\t\t\t\t\t\t<\/div>\n\t\t\t\t<\/div>\n\t\t\t\t\t<\/div>\n\t\t<\/div>\n\t\t\t\t\t<\/div>\n\t\t<\/section>\n\t\t\t\t<section class=\"elementor-section elementor-top-section elementor-element elementor-element-126b00c2 elementor-section-boxed elementor-section-height-default elementor-section-height-default\" data-id=\"126b00c2\" data-element_type=\"section\" data-e-type=\"section\" data-settings=\"{&quot;background_background&quot;:&quot;classic&quot;}\">\n\t\t\t\t\t\t\t<div class=\"elementor-background-overlay\"><\/div>\n\t\t\t\t\t\t\t<div class=\"elementor-container elementor-column-gap-default\">\n\t\t\t\t\t<div class=\"elementor-column elementor-col-50 elementor-top-column elementor-element elementor-element-5d498b8e\" data-id=\"5d498b8e\" data-element_type=\"column\" data-e-type=\"column\" data-settings=\"{&quot;background_background&quot;:&quot;classic&quot;}\">\n\t\t\t<div class=\"elementor-widget-wrap elementor-element-populated\">\n\t\t\t\t\t\t<div class=\"elementor-element elementor-element-256fff95 elementor-widget elementor-widget-heading\" data-id=\"256fff95\" data-element_type=\"widget\" data-e-type=\"widget\" data-widget_type=\"heading.default\">\n\t\t\t\t<div class=\"elementor-widget-container\">\n\t\t\t\t\t<h2 class=\"elementor-heading-title elementor-size-default\">Reinforcements with decades of experience\n<\/h2>\t\t\t\t<\/div>\n\t\t\t\t<\/div>\n\t\t\t\t<div class=\"elementor-element elementor-element-6f27769f elementor-widget elementor-widget-text-editor\" data-id=\"6f27769f\" data-element_type=\"widget\" data-e-type=\"widget\" data-widget_type=\"text-editor.default\">\n\t\t\t\t<div class=\"elementor-widget-container\">\n\t\t\t\t\t\t\t\t\t<p>There was a demand in the market for a company that carried out reinforcement work, and Asko Julmala founded a company called Pohjanmaan Tasobetoni ja Raudoite in 1983. This was the beginning of Pohjanmaan Raudoite\u2019s story. As a pioneer in the industry, a factory hall was built, which was new among reinforcement work.<\/p><p>The business operations were developed in 1987, when Engineer Timo Luukko purchased half of the company and started operating as the Chief Executive Officer. Timo strengthened the technical and managerial expertise of the company. During the initial years, the company produced concrete flooring in addition to reinforcement. Over time, focus was made on reinforcement and the production of flooring was given up. The high-quality reinforcement elements became the trademark of the company.\u00a0<\/p>\t\t\t\t\t\t\t\t<\/div>\n\t\t\t\t<\/div>\n\t\t\t\t<div class=\"elementor-element elementor-element-ea2e07a elementor-view-default elementor-widget elementor-widget-icon\" data-id=\"ea2e07a\" data-element_type=\"widget\" data-e-type=\"widget\" data-widget_type=\"icon.default\">\n\t\t\t\t<div class=\"elementor-widget-container\">\n\t\t\t\t\t\t\t<div class=\"elementor-icon-wrapper\">\n\t\t\t<div class=\"elementor-icon\">\n\t\t\t<i aria-hidden=\"true\" class=\"fas fa-arrow-down\"><\/i>\t\t\t<\/div>\n\t\t<\/div>\n\t\t\t\t\t\t<\/div>\n\t\t\t\t<\/div>\n\t\t\t\t\t<\/div>\n\t\t<\/div>\n\t\t\t\t<div class=\"elementor-column elementor-col-50 elementor-top-column elementor-element elementor-element-7fac46d0\" data-id=\"7fac46d0\" data-element_type=\"column\" data-e-type=\"column\" data-settings=\"{&quot;background_background&quot;:&quot;classic&quot;}\">\n\t\t\t<div class=\"elementor-widget-wrap elementor-element-populated\">\n\t\t\t\t\t\t<div class=\"elementor-element elementor-element-ac02948 elementor-widget elementor-widget-spacer\" data-id=\"ac02948\" data-element_type=\"widget\" data-e-type=\"widget\" data-widget_type=\"spacer.default\">\n\t\t\t\t<div class=\"elementor-widget-container\">\n\t\t\t\t\t\t\t<div class=\"elementor-spacer\">\n\t\t\t<div class=\"elementor-spacer-inner\"><\/div>\n\t\t<\/div>\n\t\t\t\t\t\t<\/div>\n\t\t\t\t<\/div>\n\t\t\t\t\t<\/div>\n\t\t<\/div>\n\t\t\t\t\t<\/div>\n\t\t<\/section>\n\t\t\t\t<section class=\"elementor-section elementor-top-section elementor-element elementor-element-1b41e1c elementor-section-boxed elementor-section-height-default elementor-section-height-default\" data-id=\"1b41e1c\" data-element_type=\"section\" data-e-type=\"section\" data-settings=\"{&quot;background_background&quot;:&quot;classic&quot;}\">\n\t\t\t\t\t\t\t<div class=\"elementor-background-overlay\"><\/div>\n\t\t\t\t\t\t\t<div class=\"elementor-container elementor-column-gap-default\">\n\t\t\t\t\t<div class=\"elementor-column elementor-col-50 elementor-top-column elementor-element elementor-element-58b3f34 elementor-hidden-mobile\" data-id=\"58b3f34\" data-element_type=\"column\" data-e-type=\"column\" data-settings=\"{&quot;background_background&quot;:&quot;classic&quot;}\">\n\t\t\t<div class=\"elementor-widget-wrap\">\n\t\t\t\t\t\t\t<\/div>\n\t\t<\/div>\n\t\t\t\t<div class=\"elementor-column elementor-col-50 elementor-top-column elementor-element elementor-element-cd3a934\" data-id=\"cd3a934\" data-element_type=\"column\" data-e-type=\"column\" data-settings=\"{&quot;background_background&quot;:&quot;classic&quot;}\">\n\t\t\t<div class=\"elementor-widget-wrap elementor-element-populated\">\n\t\t\t\t\t\t<div class=\"elementor-element elementor-element-d3e3ae6 elementor-widget elementor-widget-text-editor\" data-id=\"d3e3ae6\" data-element_type=\"widget\" data-e-type=\"widget\" data-widget_type=\"text-editor.default\">\n\t\t\t\t<div class=\"elementor-widget-container\">\n\t\t\t\t\t\t\t\t\t<p>In 1994, the company\u2019s name was changed to Pohjanmaan Raudoite. The element factories\u2019 need was on further processed products, due to which focus was paid on the production of ready-made reinforcement elements, and the installation operations carried out at construction sites were ceased. The machinery was automated and the factory was expanded in 1998. During the next year, the company was awarded with a local Entrepreneur of the Year award. After the expansion, the company\u2019s facilities doubled in size. In 2004, when the business activities increased, the form of the company became a limited liability company and accessed the scope of Inspecta Sertifiointi Oy\u2019s quality control.<\/p><p>Once the entrepreneurs had worked in the company for three decades, it was topical to consider, whether Raudoite\u2019s story would continue as a family business. To begin with, it seemed as though there was no-one in either family to continue the operations. Timo\u2019s three daughters each familiarised in the factory\u2019s operations while working there in the summer and as peak season assistants. The youngest daughter, Pia, was interested in the opportunity to continue the business operations, which led to the family of Luukko purchasing all the shares of the company<\/p>\t\t\t\t\t\t\t\t<\/div>\n\t\t\t\t<\/div>\n\t\t\t\t<div class=\"elementor-element elementor-element-b3c9d68 elementor-view-default elementor-widget elementor-widget-icon\" data-id=\"b3c9d68\" data-element_type=\"widget\" data-e-type=\"widget\" data-widget_type=\"icon.default\">\n\t\t\t\t<div class=\"elementor-widget-container\">\n\t\t\t\t\t\t\t<div class=\"elementor-icon-wrapper\">\n\t\t\t<div class=\"elementor-icon\">\n\t\t\t<i aria-hidden=\"true\" class=\"fas fa-arrow-down\"><\/i>\t\t\t<\/div>\n\t\t<\/div>\n\t\t\t\t\t\t<\/div>\n\t\t\t\t<\/div>\n\t\t\t\t\t<\/div>\n\t\t<\/div>\n\t\t\t\t\t<\/div>\n\t\t<\/section>\n\t\t\t\t<section class=\"elementor-section elementor-top-section elementor-element elementor-element-7c06b52 elementor-hidden-desktop elementor-hidden-tablet elementor-section-boxed elementor-section-height-default elementor-section-height-default\" data-id=\"7c06b52\" data-element_type=\"section\" data-e-type=\"section\">\n\t\t\t\t\t\t<div class=\"elementor-container elementor-column-gap-default\">\n\t\t\t\t\t<div class=\"elementor-column elementor-col-100 elementor-top-column elementor-element elementor-element-4a30d1a\" data-id=\"4a30d1a\" data-element_type=\"column\" data-e-type=\"column\">\n\t\t\t<div class=\"elementor-widget-wrap elementor-element-populated\">\n\t\t\t\t\t\t<div class=\"elementor-element elementor-element-3e5f6e1 elementor-widget-mobile__width-inherit elementor-widget elementor-widget-image\" data-id=\"3e5f6e1\" data-element_type=\"widget\" data-e-type=\"widget\" data-widget_type=\"image.default\">\n\t\t\t\t<div class=\"elementor-widget-container\">\n\t\t\t\t\t\t\t\t\t\t\t\t\t\t\t<img fetchpriority=\"high\" decoding=\"async\" width=\"800\" height=\"709\" src=\"https:\/\/raudoite.fi\/wp-content\/uploads\/sites\/2\/2018\/08\/tarina-2.jpg\" class=\"attachment-large size-large wp-image-176\" alt=\"\" srcset=\"https:\/\/raudoite.fi\/wp-content\/uploads\/sites\/2\/2018\/08\/tarina-2.jpg 800w, https:\/\/raudoite.fi\/wp-content\/uploads\/sites\/2\/2018\/08\/tarina-2-300x266.jpg 300w, https:\/\/raudoite.fi\/wp-content\/uploads\/sites\/2\/2018\/08\/tarina-2-768x681.jpg 768w\" sizes=\"(max-width: 800px) 100vw, 800px\" \/>\t\t\t\t\t\t\t\t\t\t\t\t\t\t\t<\/div>\n\t\t\t\t<\/div>\n\t\t\t\t\t<\/div>\n\t\t<\/div>\n\t\t\t\t\t<\/div>\n\t\t<\/section>\n\t\t\t\t<section class=\"elementor-section elementor-top-section elementor-element elementor-element-bdcc75c elementor-section-boxed elementor-section-height-default elementor-section-height-default\" data-id=\"bdcc75c\" data-element_type=\"section\" data-e-type=\"section\" data-settings=\"{&quot;background_background&quot;:&quot;classic&quot;}\">\n\t\t\t\t\t\t\t<div class=\"elementor-background-overlay\"><\/div>\n\t\t\t\t\t\t\t<div class=\"elementor-container elementor-column-gap-default\">\n\t\t\t\t\t<div class=\"elementor-column elementor-col-50 elementor-top-column elementor-element elementor-element-7fdf9ed\" data-id=\"7fdf9ed\" data-element_type=\"column\" data-e-type=\"column\" data-settings=\"{&quot;background_background&quot;:&quot;classic&quot;}\">\n\t\t\t<div class=\"elementor-widget-wrap elementor-element-populated\">\n\t\t\t\t\t\t<div class=\"elementor-element elementor-element-cec6d62 elementor-widget elementor-widget-text-editor\" data-id=\"cec6d62\" data-element_type=\"widget\" data-e-type=\"widget\" data-widget_type=\"text-editor.default\">\n\t\t\t\t<div class=\"elementor-widget-container\">\n\t\t\t\t\t\t\t\t\t<p>While preparing for entrepreneurship, Pia first completed her Bachelor\u2019s degree in Business Administration at Sein\u00e4joki\u2019s University of Applied Sciences, after which she graduated as an engineer from Turku\u2019s University of Applied Sciences. Alongside her engineering studies, Pia gained work experience from the reinforcement work at the element factory.<\/p><p>At Pohjanmaan Raudoite, the recently graduated engineer in building technologies began working in production, where her duties involved all stages from the production of components to the assembly of reinforcement elements. After the practical work, orientation in the company\u2019s operating methods continued with familiarising in production design, customer accounts and partners. At the beginning of July 2018, Pia Luukko was appointed as the Chief Executive Officer of the company.<\/p><p>In the future, Pia wishes to continue the company\u2019s operations by taking care of the customers and serving them in a reliable manner. The cornerstones of production continue to be consistent work and accurate delivery times. As director, Pia appreciates her professional and experienced staff, to whom the determined woman is already familiar from home.<\/p>\t\t\t\t\t\t\t\t<\/div>\n\t\t\t\t<\/div>\n\t\t\t\t\t<\/div>\n\t\t<\/div>\n\t\t\t\t<div class=\"elementor-column elementor-col-50 elementor-top-column elementor-element elementor-element-89ceb9c\" data-id=\"89ceb9c\" data-element_type=\"column\" data-e-type=\"column\" data-settings=\"{&quot;background_background&quot;:&quot;classic&quot;}\">\n\t\t\t<div class=\"elementor-widget-wrap elementor-element-populated\">\n\t\t\t\t\t\t<div class=\"elementor-element elementor-element-ad2b9fa elementor-widget elementor-widget-spacer\" data-id=\"ad2b9fa\" data-element_type=\"widget\" data-e-type=\"widget\" data-widget_type=\"spacer.default\">\n\t\t\t\t<div class=\"elementor-widget-container\">\n\t\t\t\t\t\t\t<div class=\"elementor-spacer\">\n\t\t\t<div class=\"elementor-spacer-inner\"><\/div>\n\t\t<\/div>\n\t\t\t\t\t\t<\/div>\n\t\t\t\t<\/div>\n\t\t\t\t\t<\/div>\n\t\t<\/div>\n\t\t\t\t\t<\/div>\n\t\t<\/section>\n\t\t\t\t<section class=\"elementor-section elementor-top-section elementor-element elementor-element-7f38fb43 elementor-section-boxed elementor-section-height-default elementor-section-height-default\" data-id=\"7f38fb43\" data-element_type=\"section\" data-e-type=\"section\">\n\t\t\t\t\t\t<div class=\"elementor-container elementor-column-gap-default\">\n\t\t\t\t\t<div class=\"elementor-column elementor-col-100 elementor-top-column elementor-element elementor-element-56beb2e7\" data-id=\"56beb2e7\" data-element_type=\"column\" data-e-type=\"column\">\n\t\t\t<div class=\"elementor-widget-wrap elementor-element-populated\">\n\t\t\t\t\t\t<div class=\"elementor-element elementor-element-f315533 elementor-widget elementor-widget-spacer\" data-id=\"f315533\" data-element_type=\"widget\" data-e-type=\"widget\" data-widget_type=\"spacer.default\">\n\t\t\t\t<div class=\"elementor-widget-container\">\n\t\t\t\t\t\t\t<div class=\"elementor-spacer\">\n\t\t\t<div class=\"elementor-spacer-inner\"><\/div>\n\t\t<\/div>\n\t\t\t\t\t\t<\/div>\n\t\t\t\t<\/div>\n\t\t\t\t<div class=\"elementor-element elementor-element-2d9c7763 elementor-hidden-mobile elementor-widget elementor-widget-image\" data-id=\"2d9c7763\" data-element_type=\"widget\" data-e-type=\"widget\" data-widget_type=\"image.default\">\n\t\t\t\t<div class=\"elementor-widget-container\">\n\t\t\t\t\t\t\t\t\t\t\t\t\t\t\t<img decoding=\"async\" width=\"1140\" height=\"400\" src=\"https:\/\/raudoite.fi\/wp-content\/uploads\/sites\/2\/2018\/08\/Pohjanmaan_raudoite_tarina_3.jpg\" class=\"attachment-full size-full wp-image-72\" alt=\"\" srcset=\"https:\/\/raudoite.fi\/wp-content\/uploads\/sites\/2\/2018\/08\/Pohjanmaan_raudoite_tarina_3.jpg 1140w, https:\/\/raudoite.fi\/wp-content\/uploads\/sites\/2\/2018\/08\/Pohjanmaan_raudoite_tarina_3-300x105.jpg 300w, https:\/\/raudoite.fi\/wp-content\/uploads\/sites\/2\/2018\/08\/Pohjanmaan_raudoite_tarina_3-768x269.jpg 768w, https:\/\/raudoite.fi\/wp-content\/uploads\/sites\/2\/2018\/08\/Pohjanmaan_raudoite_tarina_3-1024x359.jpg 1024w\" sizes=\"(max-width: 1140px) 100vw, 1140px\" \/>\t\t\t\t\t\t\t\t\t\t\t\t\t\t\t<\/div>\n\t\t\t\t<\/div>\n\t\t\t\t\t<\/div>\n\t\t<\/div>\n\t\t\t\t\t<\/div>\n\t\t<\/section>\n\t\t\t\t<section class=\"elementor-section elementor-top-section elementor-element elementor-element-431a1108 elementor-section-content-middle elementor-section-boxed elementor-section-height-default elementor-section-height-default\" data-id=\"431a1108\" data-element_type=\"section\" data-e-type=\"section\">\n\t\t\t\t\t\t<div class=\"elementor-container elementor-column-gap-default\">\n\t\t\t\t\t<div class=\"elementor-column elementor-col-100 elementor-top-column elementor-element elementor-element-1df0e0ca\" data-id=\"1df0e0ca\" data-element_type=\"column\" data-e-type=\"column\" data-settings=\"{&quot;background_background&quot;:&quot;classic&quot;}\">\n\t\t\t<div class=\"elementor-widget-wrap elementor-element-populated\">\n\t\t\t\t\t\t<div class=\"elementor-element elementor-element-9289d1c elementor-widget elementor-widget-text-editor\" data-id=\"9289d1c\" data-element_type=\"widget\" data-e-type=\"widget\" data-widget_type=\"text-editor.default\">\n\t\t\t\t<div class=\"elementor-widget-container\">\n\t\t\t\t\t\t\t\t\t<p>\"You can rely on the operations and quality of Pohjanmaan Raudoite. The products are dimensionally accurate and the delivery times are held up.\"<\/p><p><strong><span style=\"color: #143d4c;\">Pia Luukko, Chief Executive Officer<\/span><\/strong><\/p>\t\t\t\t\t\t\t\t<\/div>\n\t\t\t\t<\/div>\n\t\t\t\t\t<\/div>\n\t\t<\/div>\n\t\t\t\t\t<\/div>\n\t\t<\/section>\n\t\t\t\t<section class=\"elementor-section elementor-top-section elementor-element elementor-element-eed0201 elementor-section-boxed elementor-section-height-default elementor-section-height-default\" data-id=\"eed0201\" data-element_type=\"section\" data-e-type=\"section\">\n\t\t\t\t\t\t<div class=\"elementor-container elementor-column-gap-default\">\n\t\t\t\t\t<div class=\"elementor-column elementor-col-100 elementor-top-column elementor-element elementor-element-7fe915ea\" data-id=\"7fe915ea\" data-element_type=\"column\" data-e-type=\"column\">\n\t\t\t<div class=\"elementor-widget-wrap elementor-element-populated\">\n\t\t\t\t\t\t<div class=\"elementor-element elementor-element-91d2005 elementor-widget elementor-widget-spacer\" data-id=\"91d2005\" data-element_type=\"widget\" data-e-type=\"widget\" data-widget_type=\"spacer.default\">\n\t\t\t\t<div class=\"elementor-widget-container\">\n\t\t\t\t\t\t\t<div class=\"elementor-spacer\">\n\t\t\t<div class=\"elementor-spacer-inner\"><\/div>\n\t\t<\/div>\n\t\t\t\t\t\t<\/div>\n\t\t\t\t<\/div>\n\t\t\t\t<div class=\"elementor-element elementor-element-70dac4e5 elementor-widget elementor-widget-image\" data-id=\"70dac4e5\" data-element_type=\"widget\" data-e-type=\"widget\" data-widget_type=\"image.default\">\n\t\t\t\t<div class=\"elementor-widget-container\">\n\t\t\t\t\t\t\t\t\t\t\t\t\t\t\t<img decoding=\"async\" width=\"1142\" height=\"485\" src=\"https:\/\/raudoite.fi\/wp-content\/uploads\/sites\/2\/2018\/08\/Pohjanmaan_raudoite_tarina_4.jpg\" class=\"attachment-full size-full wp-image-73\" alt=\"\" srcset=\"https:\/\/raudoite.fi\/wp-content\/uploads\/sites\/2\/2018\/08\/Pohjanmaan_raudoite_tarina_4.jpg 1142w, https:\/\/raudoite.fi\/wp-content\/uploads\/sites\/2\/2018\/08\/Pohjanmaan_raudoite_tarina_4-300x127.jpg 300w, https:\/\/raudoite.fi\/wp-content\/uploads\/sites\/2\/2018\/08\/Pohjanmaan_raudoite_tarina_4-768x326.jpg 768w, https:\/\/raudoite.fi\/wp-content\/uploads\/sites\/2\/2018\/08\/Pohjanmaan_raudoite_tarina_4-1024x435.jpg 1024w\" sizes=\"(max-width: 1142px) 100vw, 1142px\" \/>\t\t\t\t\t\t\t\t\t\t\t\t\t\t\t<\/div>\n\t\t\t\t<\/div>\n\t\t\t\t<div class=\"elementor-element elementor-element-7f943d5 elementor-widget elementor-widget-spacer\" data-id=\"7f943d5\" data-element_type=\"widget\" data-e-type=\"widget\" data-widget_type=\"spacer.default\">\n\t\t\t\t<div class=\"elementor-widget-container\">\n\t\t\t\t\t\t\t<div class=\"elementor-spacer\">\n\t\t\t<div class=\"elementor-spacer-inner\"><\/div>\n\t\t<\/div>\n\t\t\t\t\t\t<\/div>\n\t\t\t\t<\/div>\n\t\t\t\t\t<\/div>\n\t\t<\/div>\n\t\t\t\t\t<\/div>\n\t\t<\/section>\n\t\t\t\t<section class=\"elementor-section elementor-top-section elementor-element elementor-element-1f0429c5 elementor-section-boxed elementor-section-height-default elementor-section-height-default\" data-id=\"1f0429c5\" data-element_type=\"section\" data-e-type=\"section\" data-settings=\"{&quot;background_background&quot;:&quot;classic&quot;}\">\n\t\t\t\t\t\t<div class=\"elementor-container elementor-column-gap-default\">\n\t\t\t\t\t<div class=\"elementor-column elementor-col-25 elementor-top-column elementor-element elementor-element-5ed2c11f\" data-id=\"5ed2c11f\" data-element_type=\"column\" data-e-type=\"column\">\n\t\t\t<div class=\"elementor-widget-wrap elementor-element-populated\">\n\t\t\t\t\t\t<div class=\"elementor-element elementor-element-287f1e57 elementor-widget elementor-widget-image\" data-id=\"287f1e57\" data-element_type=\"widget\" data-e-type=\"widget\" data-widget_type=\"image.default\">\n\t\t\t\t<div class=\"elementor-widget-container\">\n\t\t\t\t\t\t\t\t\t\t\t\t\t\t\t<img loading=\"lazy\" decoding=\"async\" width=\"176\" height=\"48\" src=\"https:\/\/raudoite.fi\/wp-content\/uploads\/sites\/2\/2018\/08\/pohjanmaan-raudoite.png\" class=\"attachment-large size-large wp-image-126\" alt=\"\" \/>\t\t\t\t\t\t\t\t\t\t\t\t\t\t\t<\/div>\n\t\t\t\t<\/div>\n\t\t\t\t\t<\/div>\n\t\t<\/div>\n\t\t\t\t<div class=\"elementor-column elementor-col-25 elementor-top-column elementor-element elementor-element-26ffc6ee\" data-id=\"26ffc6ee\" data-element_type=\"column\" data-e-type=\"column\">\n\t\t\t<div class=\"elementor-widget-wrap elementor-element-populated\">\n\t\t\t\t\t\t<div class=\"elementor-element elementor-element-65685753 elementor-widget elementor-widget-text-editor\" data-id=\"65685753\" data-element_type=\"widget\" data-e-type=\"widget\" data-widget_type=\"text-editor.default\">\n\t\t\t\t<div class=\"elementor-widget-container\">\n\t\t\t\t\t\t\t\t\t<p>Pohjanmaan Raudoite Oy<br \/>Pajantie 12<br \/>60100 Sein\u00e4joki<\/p><p><span style=\"color: #ffffff;\"><a style=\"color: #ffffff;\" href=\"tel:064149744\">(06) 4149 744<\/a><\/span><\/p><p><span style=\"color: #ffffff;\"><a style=\"color: #ffffff;\" href=\"mailto:myynti@raudoite.fi\">myynti@raudoite.fi<\/a><\/span><\/p>\t\t\t\t\t\t\t\t<\/div>\n\t\t\t\t<\/div>\n\t\t\t\t\t<\/div>\n\t\t<\/div>\n\t\t\t\t<div class=\"elementor-column elementor-col-25 elementor-top-column elementor-element elementor-element-3ee0b266\" data-id=\"3ee0b266\" data-element_type=\"column\" data-e-type=\"column\">\n\t\t\t<div class=\"elementor-widget-wrap elementor-element-populated\">\n\t\t\t\t\t\t<div class=\"elementor-element elementor-element-24550502 elementor-widget elementor-widget-text-editor\" data-id=\"24550502\" data-element_type=\"widget\" data-e-type=\"widget\" data-widget_type=\"text-editor.default\">\n\t\t\t\t<div class=\"elementor-widget-container\">\n\t\t\t\t\t\t\t\t\t<p>Bank details<br \/>OP Per\u00e4sein\u00e4joki<br \/>FI59 5338 0220 0296 25<\/p><p>Y-tunnus: 1889709-8<\/p>\t\t\t\t\t\t\t\t<\/div>\n\t\t\t\t<\/div>\n\t\t\t\t\t<\/div>\n\t\t<\/div>\n\t\t\t\t<div class=\"elementor-column elementor-col-25 elementor-top-column elementor-element elementor-element-275c5381\" data-id=\"275c5381\" data-element_type=\"column\" data-e-type=\"column\">\n\t\t\t<div class=\"elementor-widget-wrap elementor-element-populated\">\n\t\t\t\t\t\t<div class=\"elementor-element elementor-element-4d2acc32 elementor-widget elementor-widget-heading\" data-id=\"4d2acc32\" data-element_type=\"widget\" data-e-type=\"widget\" data-widget_type=\"heading.default\">\n\t\t\t\t<div class=\"elementor-widget-container\">\n\t\t\t\t\t<span class=\"elementor-heading-title elementor-size-default\"><a href=\"https:\/\/raudoite.fi\/wp-content\/uploads\/sites\/2\/2021\/11\/PohjanmaanraudoiteTietosuojaEng.pdf\">Privacy policy<\/a><\/span>\t\t\t\t<\/div>\n\t\t\t\t<\/div>\n\t\t\t\t\t<\/div>\n\t\t<\/div>\n\t\t\t\t\t<\/div>\n\t\t<\/section>\n\t\t\t\t<\/div>","protected":false},"excerpt":{"rendered":"<p>06 4149 744 Raudoitteita vuosikymmenten kokemuksella Raudoitust\u00f6it\u00e4 tekev\u00e4lle yritykselle oli markkinoilla kysynt\u00e4\u00e4, ja Asko Julmala perusti 1983 yrityksen nimelt\u00e4 Pohjanmaan Tasobetoni ja Raudoite. T\u00e4st\u00e4 alkoi Pohjanmaan Raudoitteen tarina. Alan edell\u00e4k\u00e4vij\u00e4n\u00e4 rakennettiin tehdashalli, mik\u00e4 oli raudoitust\u00f6iss\u00e4 uutta. Yritystoimintaa alettiin kehitt\u00e4\u00e4 vuonna 1987, kun insin\u00f6\u00f6ri Timo Luukko osti puolet yrityksest\u00e4 ja aloitti yrityksen toimitusjohtajana. Timo vahvisti yrityksen [&hellip;]<\/p>\n","protected":false},"author":4,"featured_media":0,"parent":0,"menu_order":1,"comment_status":"closed","ping_status":"closed","template":"","meta":{"_exactmetrics_skip_tracking":false,"_exactmetrics_sitenote_active":false,"_exactmetrics_sitenote_note":"","_exactmetrics_sitenote_category":0,"footnotes":""},"class_list":["post-64","page","type-page","status-publish","hentry"],"_links":{"self":[{"href":"https:\/\/raudoite.fi\/en\/wp-json\/wp\/v2\/pages\/64","targetHints":{"allow":["GET"]}}],"collection":[{"href":"https:\/\/raudoite.fi\/en\/wp-json\/wp\/v2\/pages"}],"about":[{"href":"https:\/\/raudoite.fi\/en\/wp-json\/wp\/v2\/types\/page"}],"author":[{"embeddable":true,"href":"https:\/\/raudoite.fi\/en\/wp-json\/wp\/v2\/users\/4"}],"replies":[{"embeddable":true,"href":"https:\/\/raudoite.fi\/en\/wp-json\/wp\/v2\/comments?post=64"}],"version-history":[{"count":63,"href":"https:\/\/raudoite.fi\/en\/wp-json\/wp\/v2\/pages\/64\/revisions"}],"predecessor-version":[{"id":688,"href":"https:\/\/raudoite.fi\/en\/wp-json\/wp\/v2\/pages\/64\/revisions\/688"}],"wp:attachment":[{"href":"https:\/\/raudoite.fi\/en\/wp-json\/wp\/v2\/media?parent=64"}],"curies":[{"name":"wp","href":"https:\/\/api.w.org\/{rel}","templated":true}]}}