{"id":99,"date":"2018-08-20T12:31:53","date_gmt":"2018-08-20T09:31:53","guid":{"rendered":"http:\/\/raudoite.uppalankartano.fi\/?page_id=99"},"modified":"2021-12-29T13:27:38","modified_gmt":"2021-12-29T11:27:38","slug":"yhteystiedot","status":"publish","type":"page","link":"https:\/\/raudoite.fi\/en\/yhteystiedot\/","title":{"rendered":"Contact us"},"content":{"rendered":"<div data-elementor-type=\"wp-page\" data-elementor-id=\"99\" class=\"elementor elementor-99\">\n\t\t\t\t\t\t<section class=\"elementor-section elementor-top-section elementor-element elementor-element-7717c89f elementor-section-height-min-height elementor-section-content-top elementor-section-items-top elementor-section-boxed elementor-section-height-default\" data-id=\"7717c89f\" data-element_type=\"section\" data-e-type=\"section\" data-settings=\"{&quot;background_background&quot;:&quot;classic&quot;}\">\n\t\t\t\t\t\t<div class=\"elementor-container elementor-column-gap-default\">\n\t\t\t\t\t<div class=\"elementor-column elementor-col-100 elementor-top-column elementor-element elementor-element-7bd6957\" data-id=\"7bd6957\" data-element_type=\"column\" data-e-type=\"column\">\n\t\t\t<div class=\"elementor-widget-wrap elementor-element-populated\">\n\t\t\t\t\t\t<div class=\"elementor-element elementor-element-02e60bf elementor-widget elementor-widget-spacer\" data-id=\"02e60bf\" data-element_type=\"widget\" data-e-type=\"widget\" data-widget_type=\"spacer.default\">\n\t\t\t\t<div class=\"elementor-widget-container\">\n\t\t\t\t\t\t\t<div class=\"elementor-spacer\">\n\t\t\t<div class=\"elementor-spacer-inner\"><\/div>\n\t\t<\/div>\n\t\t\t\t\t\t<\/div>\n\t\t\t\t<\/div>\n\t\t\t\t<div class=\"elementor-element elementor-element-62467797 elementor-align-right elementor-widget elementor-widget-button\" data-id=\"62467797\" data-element_type=\"widget\" data-e-type=\"widget\" data-widget_type=\"button.default\">\n\t\t\t\t<div class=\"elementor-widget-container\">\n\t\t\t\t\t\t\t\t\t<div class=\"elementor-button-wrapper\">\n\t\t\t\t\t<a class=\"elementor-button elementor-button-link elementor-size-sm\" href=\"tel:+35864149744\">\n\t\t\t\t\t\t<span class=\"elementor-button-content-wrapper\">\n\t\t\t\t\t\t<span class=\"elementor-button-icon\">\n\t\t\t\t<i aria-hidden=\"true\" class=\"fas fa-phone-alt\"><\/i>\t\t\t<\/span>\n\t\t\t\t\t\t\t\t\t<span class=\"elementor-button-text\">06 4149 744<\/span>\n\t\t\t\t\t<\/span>\n\t\t\t\t\t<\/a>\n\t\t\t\t<\/div>\n\t\t\t\t\t\t\t\t<\/div>\n\t\t\t\t<\/div>\n\t\t\t\t\t<\/div>\n\t\t<\/div>\n\t\t\t\t\t<\/div>\n\t\t<\/section>\n\t\t\t\t<section class=\"elementor-section elementor-top-section elementor-element elementor-element-3c79bcab elementor-section-height-min-height elementor-section-boxed elementor-section-height-default elementor-section-items-middle\" data-id=\"3c79bcab\" data-element_type=\"section\" data-e-type=\"section\" data-settings=\"{&quot;background_background&quot;:&quot;classic&quot;}\">\n\t\t\t\t\t\t\t<div class=\"elementor-background-overlay\"><\/div>\n\t\t\t\t\t\t\t<div class=\"elementor-container elementor-column-gap-default\">\n\t\t\t\t\t<div class=\"elementor-column elementor-col-50 elementor-top-column elementor-element elementor-element-18f9617e\" data-id=\"18f9617e\" data-element_type=\"column\" data-e-type=\"column\" data-settings=\"{&quot;background_background&quot;:&quot;classic&quot;}\">\n\t\t\t<div class=\"elementor-widget-wrap elementor-element-populated\">\n\t\t\t\t\t\t<div class=\"elementor-element elementor-element-32614bce elementor-widget elementor-widget-heading\" data-id=\"32614bce\" data-element_type=\"widget\" data-e-type=\"widget\" data-widget_type=\"heading.default\">\n\t\t\t\t<div class=\"elementor-widget-container\">\n\t\t\t\t\t<h2 class=\"elementor-heading-title elementor-size-default\">Contact details<\/h2>\t\t\t\t<\/div>\n\t\t\t\t<\/div>\n\t\t\t\t<div class=\"elementor-element elementor-element-247d09b9 elementor-widget elementor-widget-text-editor\" data-id=\"247d09b9\" data-element_type=\"widget\" data-e-type=\"widget\" data-widget_type=\"text-editor.default\">\n\t\t\t\t<div class=\"elementor-widget-container\">\n\t\t\t\t\t\t\t\t\t<p><strong>Pohjanmaan Raudoite Oy<\/strong><br \/><strong>Pajantie 12<\/strong><br \/><strong>60100 Sein\u00e4joki<\/strong><\/p><p><strong><a href=\"tel:064149744\">(06) 4149 744<\/a><\/strong><\/p><p><strong>Business ID 1889709-8<\/strong><br \/><strong><a href=\"mailto:myynti@raudoite.fi\">myynti@raudoite.fi<\/a><\/strong><\/p>\t\t\t\t\t\t\t\t<\/div>\n\t\t\t\t<\/div>\n\t\t\t\t\t<\/div>\n\t\t<\/div>\n\t\t\t\t<div class=\"elementor-column elementor-col-50 elementor-top-column elementor-element elementor-element-2ef6e18f\" data-id=\"2ef6e18f\" data-element_type=\"column\" data-e-type=\"column\" data-settings=\"{&quot;background_background&quot;:&quot;classic&quot;}\">\n\t\t\t<div class=\"elementor-widget-wrap elementor-element-populated\">\n\t\t\t\t\t\t<div class=\"elementor-element elementor-element-ed7a1ad elementor-widget__width-initial elementor-widget-tablet__width-initial elementor-widget elementor-widget-html\" data-id=\"ed7a1ad\" data-element_type=\"widget\" data-e-type=\"widget\" data-widget_type=\"html.default\">\n\t\t\t\t<div class=\"elementor-widget-container\">\n\t\t\t\t\t<iframe style=\"border: 0;\" src=\"https:\/\/www.google.com\/maps\/embed?pb=!1m18!1m12!1m3!1d1824.614732716483!2d22.888358816393385!3d62.78583828299875!2m3!1f0!2f0!3f0!3m2!1i1024!2i768!4f13.1!3m3!1m2!1s0x4687cb12284b8653%3A0xf9830167260c49e4!2sPajantie+12%2C+60510+Sein%C3%A4joki!5e0!3m2!1sfi!2sfi!4v1534757459819\" width=\"100%\" height=\"400px\" frameborder=\"0\" allowfullscreen=\"allowfullscreen\"><\/iframe>\t\t\t\t<\/div>\n\t\t\t\t<\/div>\n\t\t\t\t\t<\/div>\n\t\t<\/div>\n\t\t\t\t\t<\/div>\n\t\t<\/section>\n\t\t\t\t<section class=\"elementor-section elementor-top-section elementor-element elementor-element-5a14457 elementor-section-boxed elementor-section-height-default elementor-section-height-default\" data-id=\"5a14457\" data-element_type=\"section\" data-e-type=\"section\" id=\"tarjouspyynto\">\n\t\t\t\t\t\t<div class=\"elementor-container elementor-column-gap-default\">\n\t\t\t\t\t<div class=\"elementor-column elementor-col-50 elementor-top-column elementor-element elementor-element-40392be\" data-id=\"40392be\" data-element_type=\"column\" data-e-type=\"column\">\n\t\t\t<div class=\"elementor-widget-wrap elementor-element-populated\">\n\t\t\t\t\t\t<div class=\"elementor-element elementor-element-f42f1ca elementor-widget elementor-widget-heading\" data-id=\"f42f1ca\" data-element_type=\"widget\" data-e-type=\"widget\" data-widget_type=\"heading.default\">\n\t\t\t\t<div class=\"elementor-widget-container\">\n\t\t\t\t\t<h2 class=\"elementor-heading-title elementor-size-default\">Contact us<\/h2>\t\t\t\t<\/div>\n\t\t\t\t<\/div>\n\t\t\t\t<div class=\"elementor-element elementor-element-161ed63 elementor-widget elementor-widget-text-editor\" data-id=\"161ed63\" data-element_type=\"widget\" data-e-type=\"widget\" data-widget_type=\"text-editor.default\">\n\t\t\t\t<div class=\"elementor-widget-container\">\n\t\t\t\t\t\t\t\t\t<p>Kysy lis\u00e4\u00e4 tuotteistamme ja palveluistamme tai pyyd\u00e4 tarjous.<\/p><p>Meilt\u00e4\u00a0 mittatarkat raudoitteet erilaisiin kohteisiin piirustusten mukaan.<\/p><p>Saatuamme yhteydenoton, palaamme asiaan mahdollisimman pian.\u00a0<\/p><p>Yhteydenottoja pyyd\u00e4mme s\u00e4hk\u00f6postilla <a href=\"mailto:myynti@raudoite.fi\">myynti(at)raudoite.fi<\/a>.<\/p>\t\t\t\t\t\t\t\t<\/div>\n\t\t\t\t<\/div>\n\t\t\t\t\t<\/div>\n\t\t<\/div>\n\t\t\t\t<div class=\"elementor-column elementor-col-50 elementor-top-column elementor-element elementor-element-bd5ef54\" data-id=\"bd5ef54\" data-element_type=\"column\" data-e-type=\"column\">\n\t\t\t<div class=\"elementor-widget-wrap elementor-element-populated\">\n\t\t\t\t\t\t<div class=\"elementor-element elementor-element-23e0c98 elementor-widget elementor-widget-image\" data-id=\"23e0c98\" data-element_type=\"widget\" data-e-type=\"widget\" data-widget_type=\"image.default\">\n\t\t\t\t<div class=\"elementor-widget-container\">\n\t\t\t\t\t\t\t\t\t\t\t\t\t\t\t<img fetchpriority=\"high\" decoding=\"async\" width=\"535\" height=\"752\" src=\"https:\/\/raudoite.fi\/wp-content\/uploads\/sites\/2\/2018\/09\/mina-2.jpg\" class=\"attachment-large size-large wp-image-191\" alt=\"\" srcset=\"https:\/\/raudoite.fi\/wp-content\/uploads\/sites\/2\/2018\/09\/mina-2.jpg 535w, https:\/\/raudoite.fi\/wp-content\/uploads\/sites\/2\/2018\/09\/mina-2-213x300.jpg 213w\" sizes=\"(max-width: 535px) 100vw, 535px\" \/>\t\t\t\t\t\t\t\t\t\t\t\t\t\t\t<\/div>\n\t\t\t\t<\/div>\n\t\t\t\t\t<\/div>\n\t\t<\/div>\n\t\t\t\t\t<\/div>\n\t\t<\/section>\n\t\t\t\t<section class=\"elementor-section elementor-top-section elementor-element elementor-element-5ac77da9 elementor-section-boxed elementor-section-height-default elementor-section-height-default\" data-id=\"5ac77da9\" data-element_type=\"section\" data-e-type=\"section\" data-settings=\"{&quot;background_background&quot;:&quot;classic&quot;}\">\n\t\t\t\t\t\t<div class=\"elementor-container elementor-column-gap-default\">\n\t\t\t\t\t<div class=\"elementor-column elementor-col-25 elementor-top-column elementor-element elementor-element-798bbcc0\" data-id=\"798bbcc0\" data-element_type=\"column\" data-e-type=\"column\">\n\t\t\t<div class=\"elementor-widget-wrap elementor-element-populated\">\n\t\t\t\t\t\t<div class=\"elementor-element elementor-element-10195626 elementor-widget elementor-widget-image\" data-id=\"10195626\" data-element_type=\"widget\" data-e-type=\"widget\" data-widget_type=\"image.default\">\n\t\t\t\t<div class=\"elementor-widget-container\">\n\t\t\t\t\t\t\t\t\t\t\t\t\t\t\t<img decoding=\"async\" width=\"176\" height=\"48\" src=\"https:\/\/raudoite.fi\/wp-content\/uploads\/sites\/2\/2018\/08\/pohjanmaan-raudoite.png\" class=\"attachment-large size-large wp-image-126\" alt=\"\" \/>\t\t\t\t\t\t\t\t\t\t\t\t\t\t\t<\/div>\n\t\t\t\t<\/div>\n\t\t\t\t\t<\/div>\n\t\t<\/div>\n\t\t\t\t<div class=\"elementor-column elementor-col-25 elementor-top-column elementor-element elementor-element-9083a43\" data-id=\"9083a43\" data-element_type=\"column\" data-e-type=\"column\">\n\t\t\t<div class=\"elementor-widget-wrap elementor-element-populated\">\n\t\t\t\t\t\t<div class=\"elementor-element elementor-element-451ac70b elementor-widget elementor-widget-text-editor\" data-id=\"451ac70b\" data-element_type=\"widget\" data-e-type=\"widget\" data-widget_type=\"text-editor.default\">\n\t\t\t\t<div class=\"elementor-widget-container\">\n\t\t\t\t\t\t\t\t\t<p>Pohjanmaan Raudoite Oy<br \/>Pajantie 12<br \/>60100 Sein\u00e4joki<\/p><p><span style=\"color: #ffffff;\"><a style=\"color: #ffffff;\" href=\"tel:064149744\">(06) 4149 744<\/a><\/span><\/p><p><span style=\"color: #ffffff;\"><a style=\"color: #ffffff;\" href=\"mailto:myynti@raudoite.fi\">myynti@raudoite.fi<\/a><\/span><\/p>\t\t\t\t\t\t\t\t<\/div>\n\t\t\t\t<\/div>\n\t\t\t\t\t<\/div>\n\t\t<\/div>\n\t\t\t\t<div class=\"elementor-column elementor-col-25 elementor-top-column elementor-element elementor-element-1b761d9e\" data-id=\"1b761d9e\" data-element_type=\"column\" data-e-type=\"column\">\n\t\t\t<div class=\"elementor-widget-wrap elementor-element-populated\">\n\t\t\t\t\t\t<div class=\"elementor-element elementor-element-77bfcea7 elementor-widget elementor-widget-text-editor\" data-id=\"77bfcea7\" data-element_type=\"widget\" data-e-type=\"widget\" data-widget_type=\"text-editor.default\">\n\t\t\t\t<div class=\"elementor-widget-container\">\n\t\t\t\t\t\t\t\t\t<p>Bank details<br \/>OP Per\u00e4sein\u00e4joki<br \/>FI59 5338 0220 0296 25<\/p><p>Y-tunnus: 1889709-8<\/p>\t\t\t\t\t\t\t\t<\/div>\n\t\t\t\t<\/div>\n\t\t\t\t\t<\/div>\n\t\t<\/div>\n\t\t\t\t<div class=\"elementor-column elementor-col-25 elementor-top-column elementor-element elementor-element-9990ff6\" data-id=\"9990ff6\" data-element_type=\"column\" data-e-type=\"column\">\n\t\t\t<div class=\"elementor-widget-wrap elementor-element-populated\">\n\t\t\t\t\t\t<div class=\"elementor-element elementor-element-31f91dc8 elementor-widget elementor-widget-heading\" data-id=\"31f91dc8\" data-element_type=\"widget\" data-e-type=\"widget\" data-widget_type=\"heading.default\">\n\t\t\t\t<div class=\"elementor-widget-container\">\n\t\t\t\t\t<span class=\"elementor-heading-title elementor-size-default\"><a href=\"https:\/\/raudoite.fi\/wp-content\/uploads\/sites\/2\/2021\/11\/PohjanmaanraudoiteTietosuojaEng.pdf\">Privacy policy<\/a><\/span>\t\t\t\t<\/div>\n\t\t\t\t<\/div>\n\t\t\t\t\t<\/div>\n\t\t<\/div>\n\t\t\t\t\t<\/div>\n\t\t<\/section>\n\t\t\t\t<\/div>","protected":false},"excerpt":{"rendered":"<p>06 4149 744 Yhteystietomme Pohjanmaan Raudoite OyPajantie 1260100 Sein\u00e4joki (06) 4149 744 Y-tunnus 1889709-8myynti@raudoite.fi Ota yhteytt\u00e4 Kysy lis\u00e4\u00e4 tuotteistamme ja palveluistamme tai pyyd\u00e4 tarjous. Meilt\u00e4\u00a0 mittatarkat raudoitteet erilaisiin kohteisiin piirustusten mukaan. Saatuamme yhteydenoton, palaamme asiaan mahdollisimman pian.\u00a0 Yhteydenottoja pyyd\u00e4mme s\u00e4hk\u00f6postilla myynti(at)raudoite.fi. Pohjanmaan Raudoite OyPajantie 1260100 Sein\u00e4joki (06) 4149 744 myynti@raudoite.fi Pankkiyhteys:OP Per\u00e4sein\u00e4jokiFI59 5338 0220 0296 [&hellip;]<\/p>\n","protected":false},"author":4,"featured_media":0,"parent":0,"menu_order":3,"comment_status":"closed","ping_status":"closed","template":"","meta":{"_exactmetrics_skip_tracking":false,"_exactmetrics_sitenote_active":false,"_exactmetrics_sitenote_note":"","_exactmetrics_sitenote_category":0,"footnotes":""},"class_list":["post-99","page","type-page","status-publish","hentry"],"_links":{"self":[{"href":"https:\/\/raudoite.fi\/en\/wp-json\/wp\/v2\/pages\/99","targetHints":{"allow":["GET"]}}],"collection":[{"href":"https:\/\/raudoite.fi\/en\/wp-json\/wp\/v2\/pages"}],"about":[{"href":"https:\/\/raudoite.fi\/en\/wp-json\/wp\/v2\/types\/page"}],"author":[{"embeddable":true,"href":"https:\/\/raudoite.fi\/en\/wp-json\/wp\/v2\/users\/4"}],"replies":[{"embeddable":true,"href":"https:\/\/raudoite.fi\/en\/wp-json\/wp\/v2\/comments?post=99"}],"version-history":[{"count":36,"href":"https:\/\/raudoite.fi\/en\/wp-json\/wp\/v2\/pages\/99\/revisions"}],"predecessor-version":[{"id":700,"href":"https:\/\/raudoite.fi\/en\/wp-json\/wp\/v2\/pages\/99\/revisions\/700"}],"wp:attachment":[{"href":"https:\/\/raudoite.fi\/en\/wp-json\/wp\/v2\/media?parent=99"}],"curies":[{"name":"wp","href":"https:\/\/api.w.org\/{rel}","templated":true}]}}